{"id":6472,"date":"2021-01-08T16:08:13","date_gmt":"2021-01-08T15:08:13","guid":{"rendered":"https:\/\/edev-multimedia.com\/mairie-canale-di-verde\/?page_id=6472"},"modified":"2021-01-08T16:10:48","modified_gmt":"2021-01-08T15:10:48","slug":"plu-canale-di-verde","status":"publish","type":"page","link":"https:\/\/canale-di-verde.fr\/corse\/plu-canale-di-verde\/","title":{"rendered":"PLU"},"content":{"rendered":"<div data-elementor-type=\"wp-post\" data-elementor-id=\"6472\" class=\"elementor elementor-6472\">\n\t\t\t\t\t\t<section class=\"elementor-section elementor-top-section elementor-element elementor-element-b83f579 elementor-section-boxed elementor-section-height-default elementor-section-height-default\" data-id=\"b83f579\" data-element_type=\"section\">\n\t\t\t\t\t\t<div class=\"elementor-container elementor-column-gap-default\">\n\t\t\t\t\t<div class=\"elementor-column elementor-col-100 elementor-top-column elementor-element elementor-element-197df31\" data-id=\"197df31\" data-element_type=\"column\">\n\t\t\t<div class=\"elementor-widget-wrap elementor-element-populated\">\n\t\t\t\t\t\t<div class=\"elementor-element elementor-element-ea549d4 elementor-widget elementor-widget-text-editor\" data-id=\"ea549d4\" data-element_type=\"widget\" data-widget_type=\"text-editor.default\">\n\t\t\t\t<div class=\"elementor-widget-container\">\n\t\t\t\t\t\t\t\t\t<p style=\"text-align: center;\">Consulter le Plan Local d&#8217;Urbanisme de la commune de Canale-di-Verde en cliquant sur le lien ci-dessous ou bien en vous pr\u00e9sentant \u00e0 la mairie.<\/p><p style=\"text-align: center;\"><strong><span style=\"text-decoration: underline;\">HORAIRES<\/span> : <\/strong><strong>Du Lundi au Vendredi de 9h00 \u00e0 12h00 \u2013 Contact : 04.95.38.82.53 \u2013 <\/strong><u>Adresse mail\u00a0:<\/u> &#8212;@&#8212;.fr<\/p>\t\t\t\t\t\t\t\t<\/div>\n\t\t\t\t<\/div>\n\t\t\t\t<div class=\"elementor-element elementor-element-069d6fb elementor-align-center elementor-widget elementor-widget-button\" data-id=\"069d6fb\" data-element_type=\"widget\" data-widget_type=\"button.default\">\n\t\t\t\t<div class=\"elementor-widget-container\">\n\t\t\t\t\t\t\t\t\t<div class=\"elementor-button-wrapper\">\n\t\t\t\t\t<a class=\"elementor-button elementor-button-link elementor-size-xl\" href=\"#\">\n\t\t\t\t\t\t<span class=\"elementor-button-content-wrapper\">\n\t\t\t\t\t\t\t\t\t<span class=\"elementor-button-text\">Consulter le PLU 2020<\/span>\n\t\t\t\t\t<\/span>\n\t\t\t\t\t<\/a>\n\t\t\t\t<\/div>\n\t\t\t\t\t\t\t\t<\/div>\n\t\t\t\t<\/div>\n\t\t\t\t\t<\/div>\n\t\t<\/div>\n\t\t\t\t\t<\/div>\n\t\t<\/section>\n\t\t\t\t<\/div>","protected":false},"excerpt":{"rendered":"<p>Consulter le Plan Local d&#8217;Urbanisme de la commune de Canale-di-Verde en cliquant sur le lien ci-dessous ou bien en vous pr\u00e9sentant \u00e0 la mairie. HORAIRES : Du Lundi au Vendredi de 9h00 \u00e0 12h00 \u2013 Contact : 04.95.38.82.53 \u2013 Adresse mail&nbsp;: &#8212;@&#8212;.fr Consulter le PLU 2020<\/p>","protected":false},"author":1,"featured_media":0,"parent":0,"menu_order":0,"comment_status":"closed","ping_status":"closed","template":"template-fullwidth-alt.php","meta":{"_monsterinsights_skip_tracking":false,"_monsterinsights_sitenote_active":false,"_monsterinsights_sitenote_note":"","_monsterinsights_sitenote_category":0,"footnotes":""},"class_list":["post-6472","page","type-page","status-publish","hentry"],"yoast_head":"<!-- This site is optimized with the Yoast SEO plugin v26.8 - https:\/\/yoast.com\/product\/yoast-seo-wordpress\/ -->\n<title>PLU - Cumuna di Canale-di-Verde | Haute-Corse<\/title>\n<meta name=\"robots\" content=\"index, follow, max-snippet:-1, max-image-preview:large, max-video-preview:-1\" \/>\n<link rel=\"canonical\" href=\"https:\/\/canale-di-verde.fr\/corse\/plu-canale-di-verde\/\" \/>\n<meta property=\"og:locale\" content=\"en_US\" \/>\n<meta property=\"og:type\" content=\"article\" \/>\n<meta property=\"og:title\" content=\"PLU - Cumuna di Canale-di-Verde | Haute-Corse\" \/>\n<meta property=\"og:description\" content=\"Consulter le Plan Local d&#8217;Urbanisme de la commune de Canale-di-Verde en cliquant sur le lien ci-dessous ou bien en vous pr\u00e9sentant \u00e0 la mairie. HORAIRES : Du Lundi au Vendredi de 9h00 \u00e0 12h00 \u2013 Contact : 04.95.38.82.53 \u2013 Adresse mail&nbsp;: &#8212;@&#8212;.fr Consulter le PLU 2020\" \/>\n<meta property=\"og:url\" content=\"https:\/\/canale-di-verde.fr\/corse\/plu-canale-di-verde\/\" \/>\n<meta property=\"og:site_name\" content=\"Cumuna di Canale-di-Verde | Haute-Corse\" \/>\n<meta property=\"article:modified_time\" content=\"2021-01-08T15:10:48+00:00\" \/>\n<meta name=\"twitter:card\" content=\"summary_large_image\" \/>\n<script type=\"application\/ld+json\" class=\"yoast-schema-graph\">{\"@context\":\"https:\/\/schema.org\",\"@graph\":[{\"@type\":\"WebPage\",\"@id\":\"https:\/\/canale-di-verde.fr\/corse\/plu-canale-di-verde\/\",\"url\":\"https:\/\/canale-di-verde.fr\/corse\/plu-canale-di-verde\/\",\"name\":\"PLU - Cumuna di Canale-di-Verde | Haute-Corse\",\"isPartOf\":{\"@id\":\"https:\/\/canale-di-verde.fr\/#website\"},\"datePublished\":\"2021-01-08T15:08:13+00:00\",\"dateModified\":\"2021-01-08T15:10:48+00:00\",\"breadcrumb\":{\"@id\":\"https:\/\/canale-di-verde.fr\/corse\/plu-canale-di-verde\/#breadcrumb\"},\"inLanguage\":\"co\",\"potentialAction\":[{\"@type\":\"ReadAction\",\"target\":[\"https:\/\/canale-di-verde.fr\/corse\/plu-canale-di-verde\/\"]}]},{\"@type\":\"BreadcrumbList\",\"@id\":\"https:\/\/canale-di-verde.fr\/corse\/plu-canale-di-verde\/#breadcrumb\",\"itemListElement\":[{\"@type\":\"ListItem\",\"position\":1,\"name\":\"Accueil\",\"item\":\"https:\/\/canale-di-verde.fr\/\"},{\"@type\":\"ListItem\",\"position\":2,\"name\":\"PLU\"}]},{\"@type\":\"WebSite\",\"@id\":\"https:\/\/canale-di-verde.fr\/#website\",\"url\":\"https:\/\/canale-di-verde.fr\/\",\"name\":\"Cumuna di Canale-di-Verde | Haute-Corse\",\"description\":\"Commune de Canale-di-Verde | Haute-Corse\",\"publisher\":{\"@id\":\"https:\/\/canale-di-verde.fr\/#organization\"},\"potentialAction\":[{\"@type\":\"SearchAction\",\"target\":{\"@type\":\"EntryPoint\",\"urlTemplate\":\"https:\/\/canale-di-verde.fr\/?s={search_term_string}\"},\"query-input\":{\"@type\":\"PropertyValueSpecification\",\"valueRequired\":true,\"valueName\":\"search_term_string\"}}],\"inLanguage\":\"co\"},{\"@type\":\"Organization\",\"@id\":\"https:\/\/canale-di-verde.fr\/#organization\",\"name\":\"Commune de Canale-di-Verde\",\"url\":\"https:\/\/canale-di-verde.fr\/\",\"logo\":{\"@type\":\"ImageObject\",\"inLanguage\":\"co\",\"@id\":\"https:\/\/canale-di-verde.fr\/#\/schema\/logo\/image\/\",\"url\":\"https:\/\/canale-di-verde.fr\/wp-content\/uploads\/2020\/12\/logo-cdv.png\",\"contentUrl\":\"https:\/\/canale-di-verde.fr\/wp-content\/uploads\/2020\/12\/logo-cdv.png\",\"width\":1922,\"height\":764,\"caption\":\"Commune de Canale-di-Verde\"},\"image\":{\"@id\":\"https:\/\/canale-di-verde.fr\/#\/schema\/logo\/image\/\"}}]}<\/script>\n<!-- \/ Yoast SEO plugin. -->","yoast_head_json":{"title":"PLU - Cumuna di Canale-di-Verde | Haute-Corse","robots":{"index":"index","follow":"follow","max-snippet":"max-snippet:-1","max-image-preview":"max-image-preview:large","max-video-preview":"max-video-preview:-1"},"canonical":"https:\/\/canale-di-verde.fr\/corse\/plu-canale-di-verde\/","og_locale":"en_US","og_type":"article","og_title":"PLU - Cumuna di Canale-di-Verde | Haute-Corse","og_description":"Consulter le Plan Local d&#8217;Urbanisme de la commune de Canale-di-Verde en cliquant sur le lien ci-dessous ou bien en vous pr\u00e9sentant \u00e0 la mairie. HORAIRES : Du Lundi au Vendredi de 9h00 \u00e0 12h00 \u2013 Contact : 04.95.38.82.53 \u2013 Adresse mail&nbsp;: &#8212;@&#8212;.fr Consulter le PLU 2020","og_url":"https:\/\/canale-di-verde.fr\/corse\/plu-canale-di-verde\/","og_site_name":"Cumuna di Canale-di-Verde | Haute-Corse","article_modified_time":"2021-01-08T15:10:48+00:00","twitter_card":"summary_large_image","schema":{"@context":"https:\/\/schema.org","@graph":[{"@type":"WebPage","@id":"https:\/\/canale-di-verde.fr\/corse\/plu-canale-di-verde\/","url":"https:\/\/canale-di-verde.fr\/corse\/plu-canale-di-verde\/","name":"PLU - Cumuna di Canale-di-Verde | Haute-Corse","isPartOf":{"@id":"https:\/\/canale-di-verde.fr\/#website"},"datePublished":"2021-01-08T15:08:13+00:00","dateModified":"2021-01-08T15:10:48+00:00","breadcrumb":{"@id":"https:\/\/canale-di-verde.fr\/corse\/plu-canale-di-verde\/#breadcrumb"},"inLanguage":"co","potentialAction":[{"@type":"ReadAction","target":["https:\/\/canale-di-verde.fr\/corse\/plu-canale-di-verde\/"]}]},{"@type":"BreadcrumbList","@id":"https:\/\/canale-di-verde.fr\/corse\/plu-canale-di-verde\/#breadcrumb","itemListElement":[{"@type":"ListItem","position":1,"name":"Accueil","item":"https:\/\/canale-di-verde.fr\/"},{"@type":"ListItem","position":2,"name":"PLU"}]},{"@type":"WebSite","@id":"https:\/\/canale-di-verde.fr\/#website","url":"https:\/\/canale-di-verde.fr\/","name":"Cumuna di Canale-di-Verde | Haute-Corse","description":"Commune de Canale-di-Verde | Haute-Corse","publisher":{"@id":"https:\/\/canale-di-verde.fr\/#organization"},"potentialAction":[{"@type":"SearchAction","target":{"@type":"EntryPoint","urlTemplate":"https:\/\/canale-di-verde.fr\/?s={search_term_string}"},"query-input":{"@type":"PropertyValueSpecification","valueRequired":true,"valueName":"search_term_string"}}],"inLanguage":"co"},{"@type":"Organization","@id":"https:\/\/canale-di-verde.fr\/#organization","name":"Cumuna di Canale di Verde","url":"https:\/\/canale-di-verde.fr\/","logo":{"@type":"ImageObject","inLanguage":"co","@id":"https:\/\/canale-di-verde.fr\/#\/schema\/logo\/image\/","url":"https:\/\/canale-di-verde.fr\/wp-content\/uploads\/2020\/12\/logo-cdv.png","contentUrl":"https:\/\/canale-di-verde.fr\/wp-content\/uploads\/2020\/12\/logo-cdv.png","width":1922,"height":764,"caption":"Commune de Canale-di-Verde"},"image":{"@id":"https:\/\/canale-di-verde.fr\/#\/schema\/logo\/image\/"}}]}},"_links":{"self":[{"href":"https:\/\/canale-di-verde.fr\/corse\/wp-json\/wp\/v2\/pages\/6472","targetHints":{"allow":["GET"]}}],"collection":[{"href":"https:\/\/canale-di-verde.fr\/corse\/wp-json\/wp\/v2\/pages"}],"about":[{"href":"https:\/\/canale-di-verde.fr\/corse\/wp-json\/wp\/v2\/types\/page"}],"author":[{"embeddable":true,"href":"https:\/\/canale-di-verde.fr\/corse\/wp-json\/wp\/v2\/users\/1"}],"replies":[{"embeddable":true,"href":"https:\/\/canale-di-verde.fr\/corse\/wp-json\/wp\/v2\/comments?post=6472"}],"version-history":[{"count":4,"href":"https:\/\/canale-di-verde.fr\/corse\/wp-json\/wp\/v2\/pages\/6472\/revisions"}],"predecessor-version":[{"id":6494,"href":"https:\/\/canale-di-verde.fr\/corse\/wp-json\/wp\/v2\/pages\/6472\/revisions\/6494"}],"wp:attachment":[{"href":"https:\/\/canale-di-verde.fr\/corse\/wp-json\/wp\/v2\/media?parent=6472"}],"curies":[{"name":"wp","href":"https:\/\/api.w.org\/{rel}","templated":true}]}}