{"id":6541,"date":"2021-01-18T10:20:21","date_gmt":"2021-01-18T09:20:21","guid":{"rendered":"https:\/\/canale-di-verde.fr\/?page_id=6541"},"modified":"2021-04-23T09:21:54","modified_gmt":"2021-04-23T07:21:54","slug":"declarer-un-incident","status":"publish","type":"page","link":"https:\/\/canale-di-verde.fr\/corse\/declarer-un-incident\/","title":{"rendered":"D\u00e9clarer un incident"},"content":{"rendered":"<div data-elementor-type=\"wp-post\" data-elementor-id=\"6541\" class=\"elementor elementor-6541\">\n\t\t\t\t\t\t<section class=\"elementor-section elementor-top-section elementor-element elementor-element-5772d95 elementor-section-boxed elementor-section-height-default elementor-section-height-default\" data-id=\"5772d95\" data-element_type=\"section\">\n\t\t\t\t\t\t<div class=\"elementor-container elementor-column-gap-default\">\n\t\t\t\t\t<div class=\"elementor-column elementor-col-100 elementor-top-column elementor-element elementor-element-c0adb4a\" data-id=\"c0adb4a\" data-element_type=\"column\">\n\t\t\t<div class=\"elementor-widget-wrap elementor-element-populated\">\n\t\t\t\t\t\t<div class=\"elementor-element elementor-element-b51890b elementor-widget elementor-widget-text-editor\" data-id=\"b51890b\" data-element_type=\"widget\" data-widget_type=\"text-editor.default\">\n\t\t\t\t<div class=\"elementor-widget-container\">\n\t\t\t\t\t\t\t\t\t<h4 style=\"text-align: center;\">Contactez la commune au 04.95.47.86.25<\/h4><p style=\"text-align: center;\">Paese, 20230 Canale di Verde<br \/>Ore : da u lundi \u00e0 u venneri da 9 ore \u00e0 meziornu<\/p>\t\t\t\t\t\t\t\t<\/div>\n\t\t\t\t<\/div>\n\t\t\t\t\t<\/div>\n\t\t<\/div>\n\t\t\t\t\t<\/div>\n\t\t<\/section>\n\t\t\t\t<section class=\"elementor-section elementor-top-section elementor-element elementor-element-cbf71b7 elementor-section-full_width elementor-section-height-default elementor-section-height-default\" data-id=\"cbf71b7\" data-element_type=\"section\" data-settings=\"{&quot;background_background&quot;:&quot;classic&quot;}\">\n\t\t\t\t\t\t<div class=\"elementor-container elementor-column-gap-wide\">\n\t\t\t\t\t<div class=\"elementor-column elementor-col-100 elementor-top-column elementor-element elementor-element-69593e6\" data-id=\"69593e6\" data-element_type=\"column\" data-settings=\"{&quot;background_background&quot;:&quot;classic&quot;}\">\n\t\t\t<div class=\"elementor-widget-wrap elementor-element-populated\">\n\t\t\t\t\t\t<div class=\"elementor-element elementor-element-0d84486 elementor-widget elementor-widget-google_maps\" data-id=\"0d84486\" data-element_type=\"widget\" data-widget_type=\"google_maps.default\">\n\t\t\t\t<div class=\"elementor-widget-container\">\n\t\t\t\t\t\t\t<div class=\"elementor-custom-embed\">\n\t\t\t<iframe loading=\"lazy\"\n\t\t\t\t\tsrc=\"https:\/\/maps.google.com\/maps?q=Village%2C%2020230%20Canale-di-Verde&#038;t=m&#038;z=15&#038;output=embed&#038;iwloc=near\"\n\t\t\t\t\ttitle=\"Paese, 20230 Canale di Verde\"\n\t\t\t\t\taria-label=\"Paese, 20230 Canale di Verde\"\n\t\t\t><\/iframe>\n\t\t<\/div>\n\t\t\t\t\t\t<\/div>\n\t\t\t\t<\/div>\n\t\t\t\t\t<\/div>\n\t\t<\/div>\n\t\t\t\t\t<\/div>\n\t\t<\/section>\n\t\t\t\t<section class=\"elementor-section elementor-top-section elementor-element elementor-element-0f46f2b elementor-section-boxed elementor-section-height-default elementor-section-height-default\" data-id=\"0f46f2b\" data-element_type=\"section\">\n\t\t\t\t\t\t<div class=\"elementor-container elementor-column-gap-default\">\n\t\t\t\t\t<div class=\"elementor-column elementor-col-100 elementor-top-column elementor-element elementor-element-4414dde\" data-id=\"4414dde\" data-element_type=\"column\">\n\t\t\t<div class=\"elementor-widget-wrap elementor-element-populated\">\n\t\t\t\t\t\t<div class=\"elementor-element elementor-element-09abecd elementor-widget elementor-widget-shortcode\" data-id=\"09abecd\" data-element_type=\"widget\" data-widget_type=\"shortcode.default\">\n\t\t\t\t<div class=\"elementor-widget-container\">\n\t\t\t\t\t\t\t<div class=\"elementor-shortcode\">\n<div class=\"wpcf7 no-js\" id=\"wpcf7-f6543-o1\" lang=\"fr-FR\" dir=\"ltr\" data-wpcf7-id=\"6543\">\n<div class=\"screen-reader-response\"><p role=\"status\" aria-live=\"polite\" aria-atomic=\"true\"><\/p> <ul><\/ul><\/div>\n<form action=\"\/corse\/wp-json\/wp\/v2\/pages\/6541#wpcf7-f6543-o1\" method=\"post\" class=\"wpcf7-form init\" aria-label=\"Contact form\" novalidate=\"novalidate\" data-status=\"init\" data-trp-original-action=\"\/corse\/wp-json\/wp\/v2\/pages\/6541#wpcf7-f6543-o1\">\n<fieldset class=\"hidden-fields-container\"><input type=\"hidden\" name=\"_wpcf7\" value=\"6543\" \/><input type=\"hidden\" name=\"_wpcf7_version\" value=\"6.1.4\" \/><input type=\"hidden\" name=\"_wpcf7_locale\" value=\"fr_FR\" \/><input type=\"hidden\" name=\"_wpcf7_unit_tag\" value=\"wpcf7-f6543-o1\" \/><input type=\"hidden\" name=\"_wpcf7_container_post\" value=\"0\" \/><input type=\"hidden\" name=\"_wpcf7_posted_data_hash\" value=\"\" \/><input type=\"hidden\" name=\"_wpcf7_recaptcha_response\" value=\"\" \/>\n<\/fieldset>\n<p><label>Nom & pr\u00e9nom<\/label><br \/>\n<span class=\"wpcf7-form-control-wrap\" data-name=\"nom\"><input size=\"40\" maxlength=\"400\" class=\"wpcf7-form-control wpcf7-text wpcf7-validates-as-required\" aria-required=\"true\" aria-invalid=\"false\" value=\"\" type=\"text\" name=\"nom\" \/><\/span><br \/>\n<label>E-mail<\/label><br \/>\n<span class=\"wpcf7-form-control-wrap\" data-name=\"email\"><input size=\"40\" maxlength=\"400\" class=\"wpcf7-form-control wpcf7-email wpcf7-validates-as-required wpcf7-text wpcf7-validates-as-email\" aria-required=\"true\" aria-invalid=\"false\" value=\"\" type=\"email\" name=\"email\" \/><\/span><br \/>\n<label>Sujet de l'incident<\/label><br \/>\n<span class=\"wpcf7-form-control-wrap\" data-name=\"message\"><textarea cols=\"40\" rows=\"10\" maxlength=\"2000\" class=\"wpcf7-form-control wpcf7-textarea\" aria-invalid=\"false\" name=\"message\"><\/textarea><\/span>\n<\/p>\n<p><input class=\"wpcf7-form-control wpcf7-submit has-spinner\" type=\"submit\" value=\"Mand\u00e0\" \/>\n<\/p><p style=\"display: none !important;\" class=\"akismet-fields-container\" data-prefix=\"_wpcf7_ak_\"><label>&#916;<textarea name=\"_wpcf7_ak_hp_textarea\" cols=\"45\" rows=\"8\" maxlength=\"100\"><\/textarea><\/label><input type=\"hidden\" id=\"ak_js_1\" name=\"_wpcf7_ak_js\" value=\"3\"\/><script>document.getElementById( \"ak_js_1\" ).setAttribute( \"value\", ( new Date() ).getTime() );<\/script><\/p><div class=\"wpcf7-response-output\" aria-hidden=\"true\"><\/div>\n<input type=\"hidden\" name=\"trp-form-language\" value=\"corse\"\/><\/form>\n<\/div>\n<\/div>\n\t\t\t\t\t\t<\/div>\n\t\t\t\t<\/div>\n\t\t\t\t\t<\/div>\n\t\t<\/div>\n\t\t\t\t\t<\/div>\n\t\t<\/section>\n\t\t\t\t<\/div>","protected":false},"excerpt":{"rendered":"<p>Contactez la commune au 04.95.47.86.25 Village, 20230 Canale-di-VerdeHoraires: du Lundi au Vendredi de 09h00 \u00e0 12h00<\/p>","protected":false},"author":1,"featured_media":0,"parent":0,"menu_order":0,"comment_status":"closed","ping_status":"closed","template":"template-fullwidth-alt.php","meta":{"_monsterinsights_skip_tracking":false,"_monsterinsights_sitenote_active":false,"_monsterinsights_sitenote_note":"","_monsterinsights_sitenote_category":0,"footnotes":""},"class_list":["post-6541","page","type-page","status-publish","hentry"],"yoast_head":"<!-- This site is optimized with the Yoast SEO plugin v26.8 - https:\/\/yoast.com\/product\/yoast-seo-wordpress\/ -->\n<title>D\u00e9clarer un incident - Cumuna di Canale-di-Verde | Haute-Corse<\/title>\n<meta name=\"description\" content=\"Informer l&#039;\u00e9quipe municipale d&#039;un incident sur la commune de Canale-di-Verde: coupure d&#039;eau, route bloqu\u00e9e, accident de v\u00e9hicule, etc..\" \/>\n<meta name=\"robots\" content=\"index, follow, max-snippet:-1, max-image-preview:large, max-video-preview:-1\" \/>\n<link rel=\"canonical\" href=\"https:\/\/canale-di-verde.fr\/corse\/declarer-un-incident\/\" \/>\n<meta property=\"og:locale\" content=\"en_US\" \/>\n<meta property=\"og:type\" content=\"article\" \/>\n<meta property=\"og:title\" content=\"D\u00e9clarer un incident - Cumuna di Canale-di-Verde | Haute-Corse\" \/>\n<meta property=\"og:description\" content=\"Informer l&#039;\u00e9quipe municipale d&#039;un incident sur la commune de Canale-di-Verde: coupure d&#039;eau, route bloqu\u00e9e, accident de v\u00e9hicule, etc..\" \/>\n<meta property=\"og:url\" content=\"https:\/\/canale-di-verde.fr\/corse\/declarer-un-incident\/\" \/>\n<meta property=\"og:site_name\" content=\"Cumuna di Canale-di-Verde | Haute-Corse\" \/>\n<meta property=\"article:modified_time\" content=\"2021-04-23T07:21:54+00:00\" \/>\n<meta name=\"twitter:card\" content=\"summary_large_image\" \/>\n<meta name=\"twitter:label1\" content=\"Est. reading time\" \/>\n\t<meta name=\"twitter:data1\" content=\"1 minute\" \/>\n<script type=\"application\/ld+json\" class=\"yoast-schema-graph\">{\"@context\":\"https:\/\/schema.org\",\"@graph\":[{\"@type\":\"WebPage\",\"@id\":\"https:\/\/canale-di-verde.fr\/declarer-un-incident\/\",\"url\":\"https:\/\/canale-di-verde.fr\/declarer-un-incident\/\",\"name\":\"D\u00e9clarer un incident - Cumuna di Canale-di-Verde | Haute-Corse\",\"isPartOf\":{\"@id\":\"https:\/\/canale-di-verde.fr\/#website\"},\"datePublished\":\"2021-01-18T09:20:21+00:00\",\"dateModified\":\"2021-04-23T07:21:54+00:00\",\"description\":\"Informer l'\u00e9quipe municipale d'un incident sur la commune de Canale-di-Verde: coupure d'eau, route bloqu\u00e9e, accident de v\u00e9hicule, etc..\",\"breadcrumb\":{\"@id\":\"https:\/\/canale-di-verde.fr\/declarer-un-incident\/#breadcrumb\"},\"inLanguage\":\"co\",\"potentialAction\":[{\"@type\":\"ReadAction\",\"target\":[\"https:\/\/canale-di-verde.fr\/declarer-un-incident\/\"]}]},{\"@type\":\"BreadcrumbList\",\"@id\":\"https:\/\/canale-di-verde.fr\/declarer-un-incident\/#breadcrumb\",\"itemListElement\":[{\"@type\":\"ListItem\",\"position\":1,\"name\":\"Accueil\",\"item\":\"https:\/\/canale-di-verde.fr\/\"},{\"@type\":\"ListItem\",\"position\":2,\"name\":\"D\u00e9clarer un incident\"}]},{\"@type\":\"WebSite\",\"@id\":\"https:\/\/canale-di-verde.fr\/#website\",\"url\":\"https:\/\/canale-di-verde.fr\/\",\"name\":\"Cumuna di Canale-di-Verde | Haute-Corse\",\"description\":\"Commune de Canale-di-Verde | Haute-Corse\",\"publisher\":{\"@id\":\"https:\/\/canale-di-verde.fr\/#organization\"},\"potentialAction\":[{\"@type\":\"SearchAction\",\"target\":{\"@type\":\"EntryPoint\",\"urlTemplate\":\"https:\/\/canale-di-verde.fr\/?s={search_term_string}\"},\"query-input\":{\"@type\":\"PropertyValueSpecification\",\"valueRequired\":true,\"valueName\":\"search_term_string\"}}],\"inLanguage\":\"co\"},{\"@type\":\"Organization\",\"@id\":\"https:\/\/canale-di-verde.fr\/#organization\",\"name\":\"Commune de Canale-di-Verde\",\"url\":\"https:\/\/canale-di-verde.fr\/\",\"logo\":{\"@type\":\"ImageObject\",\"inLanguage\":\"co\",\"@id\":\"https:\/\/canale-di-verde.fr\/#\/schema\/logo\/image\/\",\"url\":\"https:\/\/canale-di-verde.fr\/wp-content\/uploads\/2020\/12\/logo-cdv.png\",\"contentUrl\":\"https:\/\/canale-di-verde.fr\/wp-content\/uploads\/2020\/12\/logo-cdv.png\",\"width\":1922,\"height\":764,\"caption\":\"Commune de Canale-di-Verde\"},\"image\":{\"@id\":\"https:\/\/canale-di-verde.fr\/#\/schema\/logo\/image\/\"}}]}<\/script>\n<!-- \/ Yoast SEO plugin. -->","yoast_head_json":{"title":"D\u00e9clarer un incident - Cumuna di Canale-di-Verde | Haute-Corse","description":"Informer l'\u00e9quipe municipale d'un incident sur la commune de Canale-di-Verde: coupure d'eau, route bloqu\u00e9e, accident de v\u00e9hicule, etc..","robots":{"index":"index","follow":"follow","max-snippet":"max-snippet:-1","max-image-preview":"max-image-preview:large","max-video-preview":"max-video-preview:-1"},"canonical":"https:\/\/canale-di-verde.fr\/corse\/declarer-un-incident\/","og_locale":"en_US","og_type":"article","og_title":"D\u00e9clarer un incident - Cumuna di Canale-di-Verde | Haute-Corse","og_description":"Informer l'\u00e9quipe municipale d'un incident sur la commune de Canale-di-Verde: coupure d'eau, route bloqu\u00e9e, accident de v\u00e9hicule, etc..","og_url":"https:\/\/canale-di-verde.fr\/corse\/declarer-un-incident\/","og_site_name":"Cumuna di Canale-di-Verde | Haute-Corse","article_modified_time":"2021-04-23T07:21:54+00:00","twitter_card":"summary_large_image","twitter_misc":{"Est. reading time":"1 minute"},"schema":{"@context":"https:\/\/schema.org","@graph":[{"@type":"WebPage","@id":"https:\/\/canale-di-verde.fr\/declarer-un-incident\/","url":"https:\/\/canale-di-verde.fr\/declarer-un-incident\/","name":"D\u00e9clarer un incident - Cumuna di Canale-di-Verde | Haute-Corse","isPartOf":{"@id":"https:\/\/canale-di-verde.fr\/#website"},"datePublished":"2021-01-18T09:20:21+00:00","dateModified":"2021-04-23T07:21:54+00:00","description":"Informer l'\u00e9quipe municipale d'un incident sur la commune de Canale-di-Verde: coupure d'eau, route bloqu\u00e9e, accident de v\u00e9hicule, etc..","breadcrumb":{"@id":"https:\/\/canale-di-verde.fr\/declarer-un-incident\/#breadcrumb"},"inLanguage":"co","potentialAction":[{"@type":"ReadAction","target":["https:\/\/canale-di-verde.fr\/declarer-un-incident\/"]}]},{"@type":"BreadcrumbList","@id":"https:\/\/canale-di-verde.fr\/declarer-un-incident\/#breadcrumb","itemListElement":[{"@type":"ListItem","position":1,"name":"Accueil","item":"https:\/\/canale-di-verde.fr\/"},{"@type":"ListItem","position":2,"name":"D\u00e9clarer un incident"}]},{"@type":"WebSite","@id":"https:\/\/canale-di-verde.fr\/#website","url":"https:\/\/canale-di-verde.fr\/","name":"Cumuna di Canale-di-Verde | Haute-Corse","description":"Commune de Canale-di-Verde | Haute-Corse","publisher":{"@id":"https:\/\/canale-di-verde.fr\/#organization"},"potentialAction":[{"@type":"SearchAction","target":{"@type":"EntryPoint","urlTemplate":"https:\/\/canale-di-verde.fr\/?s={search_term_string}"},"query-input":{"@type":"PropertyValueSpecification","valueRequired":true,"valueName":"search_term_string"}}],"inLanguage":"co"},{"@type":"Organization","@id":"https:\/\/canale-di-verde.fr\/#organization","name":"Cumuna di Canale di Verde","url":"https:\/\/canale-di-verde.fr\/","logo":{"@type":"ImageObject","inLanguage":"co","@id":"https:\/\/canale-di-verde.fr\/#\/schema\/logo\/image\/","url":"https:\/\/canale-di-verde.fr\/wp-content\/uploads\/2020\/12\/logo-cdv.png","contentUrl":"https:\/\/canale-di-verde.fr\/wp-content\/uploads\/2020\/12\/logo-cdv.png","width":1922,"height":764,"caption":"Commune de Canale-di-Verde"},"image":{"@id":"https:\/\/canale-di-verde.fr\/#\/schema\/logo\/image\/"}}]}},"_links":{"self":[{"href":"https:\/\/canale-di-verde.fr\/corse\/wp-json\/wp\/v2\/pages\/6541","targetHints":{"allow":["GET"]}}],"collection":[{"href":"https:\/\/canale-di-verde.fr\/corse\/wp-json\/wp\/v2\/pages"}],"about":[{"href":"https:\/\/canale-di-verde.fr\/corse\/wp-json\/wp\/v2\/types\/page"}],"author":[{"embeddable":true,"href":"https:\/\/canale-di-verde.fr\/corse\/wp-json\/wp\/v2\/users\/1"}],"replies":[{"embeddable":true,"href":"https:\/\/canale-di-verde.fr\/corse\/wp-json\/wp\/v2\/comments?post=6541"}],"version-history":[{"count":10,"href":"https:\/\/canale-di-verde.fr\/corse\/wp-json\/wp\/v2\/pages\/6541\/revisions"}],"predecessor-version":[{"id":6679,"href":"https:\/\/canale-di-verde.fr\/corse\/wp-json\/wp\/v2\/pages\/6541\/revisions\/6679"}],"wp:attachment":[{"href":"https:\/\/canale-di-verde.fr\/corse\/wp-json\/wp\/v2\/media?parent=6541"}],"curies":[{"name":"wp","href":"https:\/\/api.w.org\/{rel}","templated":true}]}}